{"id":890,"date":"2024-03-23T11:05:34","date_gmt":"2024-03-23T11:05:34","guid":{"rendered":"https:\/\/vincenzo.gr\/%ce%b7-%cf%86%ce%ac%cf%81%ce%bc%ce%b1-%ce%bc%ce%b1%cf%82\/"},"modified":"2026-04-02T11:05:17","modified_gmt":"2026-04-02T11:05:17","slug":"notre-ferme","status":"publish","type":"page","link":"https:\/\/vincenzo.gr\/fr\/notre-ferme\/","title":{"rendered":"Notre Ferme"},"content":{"rendered":"","protected":false},"excerpt":{"rendered":"","protected":false},"author":1,"featured_media":0,"parent":0,"menu_order":0,"comment_status":"closed","ping_status":"closed","template":"templates\/FarmTemplate.php","meta":{"_acf_changed":false,"inline_featured_image":false,"footnotes":""},"class_list":["post-890","page","type-page","status-publish","hentry"],"acf":[],"yoast_head":"<!-- This site is optimized with the Yoast SEO plugin v27.1.1 - https:\/\/yoast.com\/product\/yoast-seo-wordpress\/ -->\n<title>Notre Ferme | Produits Bio &amp; Nature \u00e0 Tinos<\/title>\n<meta name=\"description\" content=\"Visitez notre ferme \u00e0 quelques kilom\u00e8tres de l&#039;h\u00e9bergement. Explorez terrasses et pigeonniers traditionnels et savourez un repas pr\u00e9par\u00e9 avec nos produits biologiques.\" \/>\n<meta name=\"robots\" content=\"index, follow, max-snippet:-1, max-image-preview:large, max-video-preview:-1\" \/>\n<link rel=\"canonical\" href=\"https:\/\/vincenzo.gr\/fr\/notre-ferme\/\" \/>\n<meta property=\"og:locale\" content=\"fr_FR\" \/>\n<meta property=\"og:type\" content=\"article\" \/>\n<meta property=\"og:title\" content=\"Notre Ferme | Produits Bio &amp; Nature \u00e0 Tinos\" \/>\n<meta property=\"og:description\" content=\"Visitez notre ferme \u00e0 quelques kilom\u00e8tres de l&#039;h\u00e9bergement. Explorez terrasses et pigeonniers traditionnels et savourez un repas pr\u00e9par\u00e9 avec nos produits biologiques.\" \/>\n<meta property=\"og:url\" content=\"https:\/\/vincenzo.gr\/fr\/notre-ferme\/\" \/>\n<meta property=\"og:site_name\" content=\"Vincenzo Family Rooms\" \/>\n<meta property=\"article:publisher\" content=\"https:\/\/www.facebook.com\/vincenzofamily\" \/>\n<meta property=\"article:modified_time\" content=\"2026-04-02T11:05:17+00:00\" \/>\n<meta name=\"twitter:card\" content=\"summary_large_image\" \/>\n<script type=\"application\/ld+json\" class=\"yoast-schema-graph\">{\"@context\":\"https:\/\/schema.org\",\"@graph\":[{\"@type\":\"WebPage\",\"@id\":\"https:\/\/vincenzo.gr\/fr\/notre-ferme\/\",\"url\":\"https:\/\/vincenzo.gr\/fr\/notre-ferme\/\",\"name\":\"Notre Ferme | Produits Bio & Nature \u00e0 Tinos\",\"isPartOf\":{\"@id\":\"https:\/\/vincenzo.gr\/fr\/#website\"},\"datePublished\":\"2024-03-23T11:05:34+00:00\",\"dateModified\":\"2026-04-02T11:05:17+00:00\",\"description\":\"Visitez notre ferme \u00e0 quelques kilom\u00e8tres de l'h\u00e9bergement. Explorez terrasses et pigeonniers traditionnels et savourez un repas pr\u00e9par\u00e9 avec nos produits biologiques.\",\"breadcrumb\":{\"@id\":\"https:\/\/vincenzo.gr\/fr\/notre-ferme\/#breadcrumb\"},\"inLanguage\":\"fr-FR\",\"potentialAction\":[{\"@type\":\"ReadAction\",\"target\":[\"https:\/\/vincenzo.gr\/fr\/notre-ferme\/\"]}]},{\"@type\":\"BreadcrumbList\",\"@id\":\"https:\/\/vincenzo.gr\/fr\/notre-ferme\/#breadcrumb\",\"itemListElement\":[{\"@type\":\"ListItem\",\"position\":1,\"name\":\"\u0391\u03c1\u03c7\u03b9\u03ba\u03ae\",\"item\":\"https:\/\/vincenzo.gr\/fr\/\"},{\"@type\":\"ListItem\",\"position\":2,\"name\":\"Notre Ferme\"}]},{\"@type\":\"WebSite\",\"@id\":\"https:\/\/vincenzo.gr\/fr\/#website\",\"url\":\"https:\/\/vincenzo.gr\/fr\/\",\"name\":\"Vincenzo Family Rooms\",\"description\":\"\",\"publisher\":{\"@id\":\"https:\/\/vincenzo.gr\/fr\/#organization\"},\"alternateName\":\"\u0394\u03c9\u03bc\u03ac\u03c4\u03b9\u03b1 \u03ba\u03b1\u03b9 \u03b4\u03b9\u03b1\u03bc\u03b5\u03c1\u03af\u03c3\u03bc\u03b1\u03c4\u03b1 \u03c3\u03c4\u03b7\u03bd \u03c7\u03ce\u03c1\u03b1 \u03c4\u03b7\u03c2 \u03a4\u03ae\u03bd\u03bf\u03c5\",\"potentialAction\":[{\"@type\":\"SearchAction\",\"target\":{\"@type\":\"EntryPoint\",\"urlTemplate\":\"https:\/\/vincenzo.gr\/fr\/?s={search_term_string}\"},\"query-input\":{\"@type\":\"PropertyValueSpecification\",\"valueRequired\":true,\"valueName\":\"search_term_string\"}}],\"inLanguage\":\"fr-FR\"},{\"@type\":\"Organization\",\"@id\":\"https:\/\/vincenzo.gr\/fr\/#organization\",\"name\":\"Vincenzo Family Rooms\",\"url\":\"https:\/\/vincenzo.gr\/fr\/\",\"logo\":{\"@type\":\"ImageObject\",\"inLanguage\":\"fr-FR\",\"@id\":\"https:\/\/vincenzo.gr\/fr\/#\/schema\/logo\/image\/\",\"url\":\"https:\/\/vincenzo.gr\/wp-content\/uploads\/2024\/02\/cropped-Logo-Vincenzo-8-e1709372894667.png\",\"contentUrl\":\"https:\/\/vincenzo.gr\/wp-content\/uploads\/2024\/02\/cropped-Logo-Vincenzo-8-e1709372894667.png\",\"width\":623,\"height\":230,\"caption\":\"Vincenzo Family Rooms\"},\"image\":{\"@id\":\"https:\/\/vincenzo.gr\/fr\/#\/schema\/logo\/image\/\"},\"sameAs\":[\"https:\/\/www.facebook.com\/vincenzofamily\",\"https:\/\/www.instagram.com\/vincenzo_family_rooms\/\"]}]}<\/script>\n<!-- \/ Yoast SEO plugin. -->","yoast_head_json":{"title":"Notre Ferme | Produits Bio & Nature \u00e0 Tinos","description":"Visitez notre ferme \u00e0 quelques kilom\u00e8tres de l'h\u00e9bergement. Explorez terrasses et pigeonniers traditionnels et savourez un repas pr\u00e9par\u00e9 avec nos produits biologiques.","robots":{"index":"index","follow":"follow","max-snippet":"max-snippet:-1","max-image-preview":"max-image-preview:large","max-video-preview":"max-video-preview:-1"},"canonical":"https:\/\/vincenzo.gr\/fr\/notre-ferme\/","og_locale":"fr_FR","og_type":"article","og_title":"Notre Ferme | Produits Bio & Nature \u00e0 Tinos","og_description":"Visitez notre ferme \u00e0 quelques kilom\u00e8tres de l'h\u00e9bergement. Explorez terrasses et pigeonniers traditionnels et savourez un repas pr\u00e9par\u00e9 avec nos produits biologiques.","og_url":"https:\/\/vincenzo.gr\/fr\/notre-ferme\/","og_site_name":"Vincenzo Family Rooms","article_publisher":"https:\/\/www.facebook.com\/vincenzofamily","article_modified_time":"2026-04-02T11:05:17+00:00","twitter_card":"summary_large_image","schema":{"@context":"https:\/\/schema.org","@graph":[{"@type":"WebPage","@id":"https:\/\/vincenzo.gr\/fr\/notre-ferme\/","url":"https:\/\/vincenzo.gr\/fr\/notre-ferme\/","name":"Notre Ferme | Produits Bio & Nature \u00e0 Tinos","isPartOf":{"@id":"https:\/\/vincenzo.gr\/fr\/#website"},"datePublished":"2024-03-23T11:05:34+00:00","dateModified":"2026-04-02T11:05:17+00:00","description":"Visitez notre ferme \u00e0 quelques kilom\u00e8tres de l'h\u00e9bergement. Explorez terrasses et pigeonniers traditionnels et savourez un repas pr\u00e9par\u00e9 avec nos produits biologiques.","breadcrumb":{"@id":"https:\/\/vincenzo.gr\/fr\/notre-ferme\/#breadcrumb"},"inLanguage":"fr-FR","potentialAction":[{"@type":"ReadAction","target":["https:\/\/vincenzo.gr\/fr\/notre-ferme\/"]}]},{"@type":"BreadcrumbList","@id":"https:\/\/vincenzo.gr\/fr\/notre-ferme\/#breadcrumb","itemListElement":[{"@type":"ListItem","position":1,"name":"\u0391\u03c1\u03c7\u03b9\u03ba\u03ae","item":"https:\/\/vincenzo.gr\/fr\/"},{"@type":"ListItem","position":2,"name":"Notre Ferme"}]},{"@type":"WebSite","@id":"https:\/\/vincenzo.gr\/fr\/#website","url":"https:\/\/vincenzo.gr\/fr\/","name":"Vincenzo Family Rooms","description":"","publisher":{"@id":"https:\/\/vincenzo.gr\/fr\/#organization"},"alternateName":"\u0394\u03c9\u03bc\u03ac\u03c4\u03b9\u03b1 \u03ba\u03b1\u03b9 \u03b4\u03b9\u03b1\u03bc\u03b5\u03c1\u03af\u03c3\u03bc\u03b1\u03c4\u03b1 \u03c3\u03c4\u03b7\u03bd \u03c7\u03ce\u03c1\u03b1 \u03c4\u03b7\u03c2 \u03a4\u03ae\u03bd\u03bf\u03c5","potentialAction":[{"@type":"SearchAction","target":{"@type":"EntryPoint","urlTemplate":"https:\/\/vincenzo.gr\/fr\/?s={search_term_string}"},"query-input":{"@type":"PropertyValueSpecification","valueRequired":true,"valueName":"search_term_string"}}],"inLanguage":"fr-FR"},{"@type":"Organization","@id":"https:\/\/vincenzo.gr\/fr\/#organization","name":"Vincenzo Family Rooms","url":"https:\/\/vincenzo.gr\/fr\/","logo":{"@type":"ImageObject","inLanguage":"fr-FR","@id":"https:\/\/vincenzo.gr\/fr\/#\/schema\/logo\/image\/","url":"https:\/\/vincenzo.gr\/wp-content\/uploads\/2024\/02\/cropped-Logo-Vincenzo-8-e1709372894667.png","contentUrl":"https:\/\/vincenzo.gr\/wp-content\/uploads\/2024\/02\/cropped-Logo-Vincenzo-8-e1709372894667.png","width":623,"height":230,"caption":"Vincenzo Family Rooms"},"image":{"@id":"https:\/\/vincenzo.gr\/fr\/#\/schema\/logo\/image\/"},"sameAs":["https:\/\/www.facebook.com\/vincenzofamily","https:\/\/www.instagram.com\/vincenzo_family_rooms\/"]}]}},"_links":{"self":[{"href":"https:\/\/vincenzo.gr\/fr\/wp-json\/wp\/v2\/pages\/890","targetHints":{"allow":["GET"]}}],"collection":[{"href":"https:\/\/vincenzo.gr\/fr\/wp-json\/wp\/v2\/pages"}],"about":[{"href":"https:\/\/vincenzo.gr\/fr\/wp-json\/wp\/v2\/types\/page"}],"author":[{"embeddable":true,"href":"https:\/\/vincenzo.gr\/fr\/wp-json\/wp\/v2\/users\/1"}],"replies":[{"embeddable":true,"href":"https:\/\/vincenzo.gr\/fr\/wp-json\/wp\/v2\/comments?post=890"}],"version-history":[{"count":1,"href":"https:\/\/vincenzo.gr\/fr\/wp-json\/wp\/v2\/pages\/890\/revisions"}],"predecessor-version":[{"id":891,"href":"https:\/\/vincenzo.gr\/fr\/wp-json\/wp\/v2\/pages\/890\/revisions\/891"}],"wp:attachment":[{"href":"https:\/\/vincenzo.gr\/fr\/wp-json\/wp\/v2\/media?parent=890"}],"curies":[{"name":"wp","href":"https:\/\/api.w.org\/{rel}","templated":true}]}}