{"id":830,"date":"2024-02-24T06:32:37","date_gmt":"2024-02-24T06:32:37","guid":{"rendered":"https:\/\/vincenzo.gr\/homepage\/"},"modified":"2026-04-02T11:03:33","modified_gmt":"2026-04-02T11:03:33","slug":"homepage","status":"publish","type":"page","link":"https:\/\/vincenzo.gr\/fr\/","title":{"rendered":"HomePage"},"content":{"rendered":"","protected":false},"excerpt":{"rendered":"","protected":false},"author":1,"featured_media":0,"parent":0,"menu_order":0,"comment_status":"closed","ping_status":"closed","template":"templates\/HomePageTemplate.php","meta":{"_acf_changed":false,"inline_featured_image":false,"footnotes":""},"class_list":["post-830","page","type-page","status-publish","hentry"],"acf":[],"yoast_head":"<!-- This site is optimized with the Yoast SEO plugin v27.1.1 - https:\/\/yoast.com\/product\/yoast-seo-wordpress\/ -->\n<title>Vincenzo Family Rooms | H\u00e9bergement \u00e0 Tinos<\/title>\n<meta name=\"description\" content=\"D\u00e9couvrez le Vincenzo Family Rooms au c\u0153ur de Tinos. Hospitalit\u00e9 familiale depuis 1988, suites et chambres \u00e0 deux pas du port et de l&#039;\u00e9glise de la Panagia. R\u00e9servez en ligne.\" \/>\n<meta name=\"robots\" content=\"index, follow, max-snippet:-1, max-image-preview:large, max-video-preview:-1\" \/>\n<link rel=\"canonical\" href=\"https:\/\/vincenzo.gr\/fr\/\" \/>\n<meta property=\"og:locale\" content=\"fr_FR\" \/>\n<meta property=\"og:type\" content=\"article\" \/>\n<meta property=\"og:title\" content=\"Vincenzo Family Rooms | H\u00e9bergement \u00e0 Tinos\" \/>\n<meta property=\"og:description\" content=\"D\u00e9couvrez le Vincenzo Family Rooms au c\u0153ur de Tinos. Hospitalit\u00e9 familiale depuis 1988, suites et chambres \u00e0 deux pas du port et de l&#039;\u00e9glise de la Panagia. R\u00e9servez en ligne.\" \/>\n<meta property=\"og:url\" content=\"https:\/\/vincenzo.gr\/fr\/\" \/>\n<meta property=\"og:site_name\" content=\"Vincenzo Family Rooms\" \/>\n<meta property=\"article:publisher\" content=\"https:\/\/www.facebook.com\/vincenzofamily\" \/>\n<meta property=\"article:modified_time\" content=\"2026-04-02T11:03:33+00:00\" \/>\n<meta name=\"twitter:card\" content=\"summary_large_image\" \/>\n<script type=\"application\/ld+json\" class=\"yoast-schema-graph\">{\"@context\":\"https:\/\/schema.org\",\"@graph\":[{\"@type\":\"WebPage\",\"@id\":\"https:\/\/vincenzo.gr\/fr\/\",\"url\":\"https:\/\/vincenzo.gr\/fr\/\",\"name\":\"Vincenzo Family Rooms | H\u00e9bergement \u00e0 Tinos\",\"isPartOf\":{\"@id\":\"https:\/\/vincenzo.gr\/fr\/#website\"},\"datePublished\":\"2024-02-24T06:32:37+00:00\",\"dateModified\":\"2026-04-02T11:03:33+00:00\",\"description\":\"D\u00e9couvrez le Vincenzo Family Rooms au c\u0153ur de Tinos. Hospitalit\u00e9 familiale depuis 1988, suites et chambres \u00e0 deux pas du port et de l'\u00e9glise de la Panagia. R\u00e9servez en ligne.\",\"breadcrumb\":{\"@id\":\"https:\/\/vincenzo.gr\/fr\/#breadcrumb\"},\"inLanguage\":\"fr-FR\",\"potentialAction\":[{\"@type\":\"ReadAction\",\"target\":[\"https:\/\/vincenzo.gr\/fr\/\"]}]},{\"@type\":\"BreadcrumbList\",\"@id\":\"https:\/\/vincenzo.gr\/fr\/#breadcrumb\",\"itemListElement\":[{\"@type\":\"ListItem\",\"position\":1,\"name\":\"\u0391\u03c1\u03c7\u03b9\u03ba\u03ae\",\"item\":\"https:\/\/vincenzo.gr\/fr\/\"},{\"@type\":\"ListItem\",\"position\":2,\"name\":\"HomePage\"}]},{\"@type\":\"WebSite\",\"@id\":\"https:\/\/vincenzo.gr\/fr\/#website\",\"url\":\"https:\/\/vincenzo.gr\/fr\/\",\"name\":\"Vincenzo Family Rooms\",\"description\":\"\",\"publisher\":{\"@id\":\"https:\/\/vincenzo.gr\/fr\/#organization\"},\"alternateName\":\"\u0394\u03c9\u03bc\u03ac\u03c4\u03b9\u03b1 \u03ba\u03b1\u03b9 \u03b4\u03b9\u03b1\u03bc\u03b5\u03c1\u03af\u03c3\u03bc\u03b1\u03c4\u03b1 \u03c3\u03c4\u03b7\u03bd \u03c7\u03ce\u03c1\u03b1 \u03c4\u03b7\u03c2 \u03a4\u03ae\u03bd\u03bf\u03c5\",\"potentialAction\":[{\"@type\":\"SearchAction\",\"target\":{\"@type\":\"EntryPoint\",\"urlTemplate\":\"https:\/\/vincenzo.gr\/fr\/?s={search_term_string}\"},\"query-input\":{\"@type\":\"PropertyValueSpecification\",\"valueRequired\":true,\"valueName\":\"search_term_string\"}}],\"inLanguage\":\"fr-FR\"},{\"@type\":\"Organization\",\"@id\":\"https:\/\/vincenzo.gr\/fr\/#organization\",\"name\":\"Vincenzo Family Rooms\",\"url\":\"https:\/\/vincenzo.gr\/fr\/\",\"logo\":{\"@type\":\"ImageObject\",\"inLanguage\":\"fr-FR\",\"@id\":\"https:\/\/vincenzo.gr\/fr\/#\/schema\/logo\/image\/\",\"url\":\"https:\/\/vincenzo.gr\/wp-content\/uploads\/2024\/02\/cropped-Logo-Vincenzo-8-e1709372894667.png\",\"contentUrl\":\"https:\/\/vincenzo.gr\/wp-content\/uploads\/2024\/02\/cropped-Logo-Vincenzo-8-e1709372894667.png\",\"width\":623,\"height\":230,\"caption\":\"Vincenzo Family Rooms\"},\"image\":{\"@id\":\"https:\/\/vincenzo.gr\/fr\/#\/schema\/logo\/image\/\"},\"sameAs\":[\"https:\/\/www.facebook.com\/vincenzofamily\",\"https:\/\/www.instagram.com\/vincenzo_family_rooms\/\"]}]}<\/script>\n<!-- \/ Yoast SEO plugin. -->","yoast_head_json":{"title":"Vincenzo Family Rooms | H\u00e9bergement \u00e0 Tinos","description":"D\u00e9couvrez le Vincenzo Family Rooms au c\u0153ur de Tinos. Hospitalit\u00e9 familiale depuis 1988, suites et chambres \u00e0 deux pas du port et de l'\u00e9glise de la Panagia. R\u00e9servez en ligne.","robots":{"index":"index","follow":"follow","max-snippet":"max-snippet:-1","max-image-preview":"max-image-preview:large","max-video-preview":"max-video-preview:-1"},"canonical":"https:\/\/vincenzo.gr\/fr\/","og_locale":"fr_FR","og_type":"article","og_title":"Vincenzo Family Rooms | H\u00e9bergement \u00e0 Tinos","og_description":"D\u00e9couvrez le Vincenzo Family Rooms au c\u0153ur de Tinos. Hospitalit\u00e9 familiale depuis 1988, suites et chambres \u00e0 deux pas du port et de l'\u00e9glise de la Panagia. R\u00e9servez en ligne.","og_url":"https:\/\/vincenzo.gr\/fr\/","og_site_name":"Vincenzo Family Rooms","article_publisher":"https:\/\/www.facebook.com\/vincenzofamily","article_modified_time":"2026-04-02T11:03:33+00:00","twitter_card":"summary_large_image","schema":{"@context":"https:\/\/schema.org","@graph":[{"@type":"WebPage","@id":"https:\/\/vincenzo.gr\/fr\/","url":"https:\/\/vincenzo.gr\/fr\/","name":"Vincenzo Family Rooms | H\u00e9bergement \u00e0 Tinos","isPartOf":{"@id":"https:\/\/vincenzo.gr\/fr\/#website"},"datePublished":"2024-02-24T06:32:37+00:00","dateModified":"2026-04-02T11:03:33+00:00","description":"D\u00e9couvrez le Vincenzo Family Rooms au c\u0153ur de Tinos. Hospitalit\u00e9 familiale depuis 1988, suites et chambres \u00e0 deux pas du port et de l'\u00e9glise de la Panagia. R\u00e9servez en ligne.","breadcrumb":{"@id":"https:\/\/vincenzo.gr\/fr\/#breadcrumb"},"inLanguage":"fr-FR","potentialAction":[{"@type":"ReadAction","target":["https:\/\/vincenzo.gr\/fr\/"]}]},{"@type":"BreadcrumbList","@id":"https:\/\/vincenzo.gr\/fr\/#breadcrumb","itemListElement":[{"@type":"ListItem","position":1,"name":"\u0391\u03c1\u03c7\u03b9\u03ba\u03ae","item":"https:\/\/vincenzo.gr\/fr\/"},{"@type":"ListItem","position":2,"name":"HomePage"}]},{"@type":"WebSite","@id":"https:\/\/vincenzo.gr\/fr\/#website","url":"https:\/\/vincenzo.gr\/fr\/","name":"Vincenzo Family Rooms","description":"","publisher":{"@id":"https:\/\/vincenzo.gr\/fr\/#organization"},"alternateName":"\u0394\u03c9\u03bc\u03ac\u03c4\u03b9\u03b1 \u03ba\u03b1\u03b9 \u03b4\u03b9\u03b1\u03bc\u03b5\u03c1\u03af\u03c3\u03bc\u03b1\u03c4\u03b1 \u03c3\u03c4\u03b7\u03bd \u03c7\u03ce\u03c1\u03b1 \u03c4\u03b7\u03c2 \u03a4\u03ae\u03bd\u03bf\u03c5","potentialAction":[{"@type":"SearchAction","target":{"@type":"EntryPoint","urlTemplate":"https:\/\/vincenzo.gr\/fr\/?s={search_term_string}"},"query-input":{"@type":"PropertyValueSpecification","valueRequired":true,"valueName":"search_term_string"}}],"inLanguage":"fr-FR"},{"@type":"Organization","@id":"https:\/\/vincenzo.gr\/fr\/#organization","name":"Vincenzo Family Rooms","url":"https:\/\/vincenzo.gr\/fr\/","logo":{"@type":"ImageObject","inLanguage":"fr-FR","@id":"https:\/\/vincenzo.gr\/fr\/#\/schema\/logo\/image\/","url":"https:\/\/vincenzo.gr\/wp-content\/uploads\/2024\/02\/cropped-Logo-Vincenzo-8-e1709372894667.png","contentUrl":"https:\/\/vincenzo.gr\/wp-content\/uploads\/2024\/02\/cropped-Logo-Vincenzo-8-e1709372894667.png","width":623,"height":230,"caption":"Vincenzo Family Rooms"},"image":{"@id":"https:\/\/vincenzo.gr\/fr\/#\/schema\/logo\/image\/"},"sameAs":["https:\/\/www.facebook.com\/vincenzofamily","https:\/\/www.instagram.com\/vincenzo_family_rooms\/"]}]}},"_links":{"self":[{"href":"https:\/\/vincenzo.gr\/fr\/wp-json\/wp\/v2\/pages\/830","targetHints":{"allow":["GET"]}}],"collection":[{"href":"https:\/\/vincenzo.gr\/fr\/wp-json\/wp\/v2\/pages"}],"about":[{"href":"https:\/\/vincenzo.gr\/fr\/wp-json\/wp\/v2\/types\/page"}],"author":[{"embeddable":true,"href":"https:\/\/vincenzo.gr\/fr\/wp-json\/wp\/v2\/users\/1"}],"replies":[{"embeddable":true,"href":"https:\/\/vincenzo.gr\/fr\/wp-json\/wp\/v2\/comments?post=830"}],"version-history":[{"count":1,"href":"https:\/\/vincenzo.gr\/fr\/wp-json\/wp\/v2\/pages\/830\/revisions"}],"predecessor-version":[{"id":1265,"href":"https:\/\/vincenzo.gr\/fr\/wp-json\/wp\/v2\/pages\/830\/revisions\/1265"}],"wp:attachment":[{"href":"https:\/\/vincenzo.gr\/fr\/wp-json\/wp\/v2\/media?parent=830"}],"curies":[{"name":"wp","href":"https:\/\/api.w.org\/{rel}","templated":true}]}}